{"id":14507,"date":"2024-02-09T12:35:31","date_gmt":"2024-02-09T17:35:31","guid":{"rendered":"https:\/\/www.healthadvocate.com\/site\/health-advocate-langues"},"modified":"2024-03-04T16:34:45","modified_gmt":"2024-03-04T21:34:45","slug":"languages-fr","status":"publish","type":"page","link":"https:\/\/www.healthadvocate.com\/site\/languages-fr","title":{"rendered":"Health Advocate | Langues"},"content":{"rendered":"<div class=\"wpb-content-wrapper\"><p>[vc_row fullwidth=&#8221;0&#8243; row_space=&#8221;remove_padding&#8221;][vc_column]\n\t\t\t<!-- START languages REVOLUTION SLIDER 6.7.41 --><p class=\"rs-p-wp-fix\"><\/p>\n\t\t\t<rs-module-wrap id=\"rev_slider_144_1_wrapper\" data-source=\"gallery\" style=\"visibility:hidden;background:#ffffff;padding:0;margin:0px auto;margin-top:0;margin-bottom:0;\">\n\t\t\t\t<rs-module id=\"rev_slider_144_1\" style=\"\" data-version=\"6.7.41\">\n\t\t\t\t\t<rs-slides style=\"overflow: hidden; position: absolute;\">\n\t\t\t\t\t\t<rs-slide style=\"position: absolute;\" data-key=\"rs-248\" data-title=\"Languages\" data-anim=\"adpr:false;ms:1500ms;\" data-in=\"o:0;\" data-out=\"a:false;\">\n\t\t\t\t\t\t\t<img decoding=\"async\" src=\"\/\/www.healthadvocate.com\/site\/wp-content\/plugins\/revslider\/sr6\/assets\/assets\/dummy.png\" alt=\"\" title=\"Language Capabilities\" width=\"2035\" height=\"1474\" class=\"rev-slidebg tp-rs-img rs-lazyload\" data-lazyload=\"\/\/www.healthadvocate.com\/site\/wp-content\/uploads\/2024\/02\/GettyImages-912015536-1.jpg\" data-bg=\"p:0% 50%;\" data-parallax=\"10\" data-no-retina>\n<!--\n\t\t\t\t\t\t\t--><rs-layer\n\t\t\t\t\t\t\t\tid=\"slider-144-slide-248-layer-0\" \n\t\t\t\t\t\t\t\tdata-type=\"text\"\n\t\t\t\t\t\t\t\tdata-rsp_ch=\"on\"\n\t\t\t\t\t\t\t\tdata-xy=\"x:c;y:m;\"\n\t\t\t\t\t\t\t\tdata-text=\"w:normal;s:60,60,60,50;l:70,70,70,60;fw:700;a:center;\"\n\t\t\t\t\t\t\t\tdata-dim=\"w:auto,847px,634px,394px;\"\n\t\t\t\t\t\t\t\tdata-frame_999=\"o:0;st:w;\"\n\t\t\t\t\t\t\t\tstyle=\"z-index:6;font-family:'brandon-grotesque';\"\n\t\t\t\t\t\t\t>Language Capabilities \n\t\t\t\t\t\t\t<\/rs-layer><!--\n\n\t\t\t\t\t\t\t--><rs-layer\n\t\t\t\t\t\t\t\tid=\"slider-144-slide-248-layer-1\" \n\t\t\t\t\t\t\t\tdata-type=\"image\"\n\t\t\t\t\t\t\t\tdata-rsp_ch=\"on\"\n\t\t\t\t\t\t\t\tdata-xy=\"x:c;y:b;\"\n\t\t\t\t\t\t\t\tdata-text=\"w:normal;s:20,16,11,6;l:0,20,14,8;\"\n\t\t\t\t\t\t\t\tdata-dim=\"w:2560px,2131px,1596px,998px;h:7px,5px,3px,1px;\"\n\t\t\t\t\t\t\t\tdata-frame_999=\"o:0;st:w;\"\n\t\t\t\t\t\t\t\tstyle=\"z-index:8;\"\n\t\t\t\t\t\t\t><img decoding=\"async\" src=\"\/\/www.healthadvocate.com\/site\/wp-content\/plugins\/revslider\/sr6\/assets\/assets\/dummy.png\" alt=\"\" class=\"tp-rs-img rs-lazyload\" width=\"2560\" height=\"7\" data-lazyload=\"\/\/www.healthadvocate.com\/site\/wp-content\/uploads\/2023\/11\/2303016-ProductHeaderGradientBar-scaled.jpg\" data-no-retina> \n\t\t\t\t\t\t\t<\/rs-layer><!--\n\n\t\t\t\t\t\t\t--><rs-layer\n\t\t\t\t\t\t\t\tid=\"slider-144-slide-248-layer-2\" \n\t\t\t\t\t\t\t\tdata-type=\"image\"\n\t\t\t\t\t\t\t\tdata-rsp_ch=\"on\"\n\t\t\t\t\t\t\t\tdata-xy=\"xo:-4px,-3px,-2px,-1px;yo:-189px,-157px,-117px,-73px;\"\n\t\t\t\t\t\t\t\tdata-text=\"w:normal;s:20,16,11,6;l:0,20,14,8;\"\n\t\t\t\t\t\t\t\tdata-dim=\"w:830px,690px,516px,322px;h:760px,632px,473px,296px;\"\n\t\t\t\t\t\t\t\tdata-frame_999=\"o:0;st:w;\"\n\t\t\t\t\t\t\t\tstyle=\"z-index:7;\"\n\t\t\t\t\t\t\t><img decoding=\"async\" src=\"\/\/www.healthadvocate.com\/site\/wp-content\/plugins\/revslider\/sr6\/assets\/assets\/dummy.png\" alt=\"\" class=\"tp-rs-img rs-lazyload\" width=\"830\" height=\"760\" data-lazyload=\"\/\/www.healthadvocate.com\/site\/wp-content\/uploads\/2023\/10\/TransparentHearts-1.png\" data-no-retina> \n\t\t\t\t\t\t\t<\/rs-layer><!--\n-->\t\t\t\t\t<\/rs-slide>\n\t\t\t\t\t<\/rs-slides>\n\t\t\t\t<\/rs-module>\n\t\t\t\t<script data-jetpack-boost=\"ignore\">\n\t\t\t\t\tsetREVStartSize({c: 'rev_slider_144_1',rl:[1240,1024,778,480],el:[350,350,300,300],gw:[1230,1024,767,480],gh:[350,350,300,300],type:'standard',justify:'',layout:'fullwidth',mh:\"0\"});if (window.RS_MODULES!==undefined && window.RS_MODULES.modules!==undefined && window.RS_MODULES.modules[\"revslider1441\"]!==undefined) {window.RS_MODULES.modules[\"revslider1441\"].once = false;window.revapi144 = undefined;if (window.RS_MODULES.checkMinimal!==undefined) window.RS_MODULES.checkMinimal()}\n\t\t\t\t<\/script>\n\t\t\t<\/rs-module-wrap>\n\t\t\t<!-- END REVOLUTION SLIDER -->\n[\/vc_column][\/vc_row][vc_row equal_height=&#8221;yes&#8221; content_placement=&#8221;middle&#8221; row_space=&#8221;remove_padding_bottom&#8221;][vc_column][vc_raw_html]JTNDcCUyMHN0eWxlJTNEJTIyZm9udC1zaXplJTNBMThweCUzQiUyMHRleHQtYWxpZ24lM0ElMjBjZW50ZXIlM0IlMjBmb250LWZhbWlseSUzQSUyMEhlbHZldGljYSUyQyUyMEFyaWFsJTJDJTIwc2Fucy1zZXJpZiUzQiUyMGZvbnQtd2VpZ2h0JTNBMzAwJTNCJTIwY29sb3IlM0ElMjMyZDM4M2YlM0IlMjBsaW5lLWhlaWdodCUzQTIycHglM0IlMjBtYXJnaW4lM0EwJTIwMCUyMDEycHglMjAwJTNCJTIyJTNFJTBBJTNDYSUyMGhyZWYlM0QlMjJodHRwcyUzQSUyRiUyRnd3dy5oZWFsdGhhZHZvY2F0ZS5jb20lMkZzaXRlJTJGbGFuZ3VhZ2VzJTIyJTIwc3R5bGUlM0QlMjJ0ZXh0LWRlY29yYXRpb24lM0ElMjBub25lJTNCJTIwY29sb3IlM0ElMjAlMjM5ZTIwNjMlM0IlMjIlM0VFbmdsaXNoJTNDJTJGYSUzRSUyMCU3QyUyMCUzQ2ElMjBocmVmJTNEJTIyaHR0cHMlM0ElMkYlMkZ3d3cuaGVhbHRoYWR2b2NhdGUuY29tJTJGc2l0ZSUyRmVzJTJGbGFuZ3VhZ2VzLWVzJTIyJTIwc3R5bGUlM0QlMjJ0ZXh0LWRlY29yYXRpb24lM0ElMjBub25lJTNCJTIwY29sb3IlM0ElMjAlMjM5ZTIwNjMlM0IlMjIlM0VFc3BhJUMzJUIxb2wlM0MlMkZhJTNFJTIwJTdDJTIwJTNDYSUyMGhyZWYlM0QlMjJodHRwcyUzQSUyRiUyRnd3dy5oZWFsdGhhZHZvY2F0ZS5jb20lMkZzaXRlJTJGaHQlMkZsYW5ndWFnZXMtaHQlMjIlMjBzdHlsZSUzRCUyMnRleHQtZGVjb3JhdGlvbiUzQSUyMG5vbmUlM0IlMjBjb2xvciUzQSUyMCUyMzllMjA2MyUzQiUyMiUzRUtyZXklQzMlQjJsJTNDJTJGYSUzRSUyMCU3QyUyMCUzQ2ElMjBocmVmJTNEJTIyaHR0cHMlM0ElMkYlMkZ3d3cuaGVhbHRoYWR2b2NhdGUuY29tJTJGc2l0ZSUyRmZyJTJGbGFuZ3VhZ2VzLWZyJTIyJTIwc3R5bGUlM0QlMjJ0ZXh0LWRlY29yYXRpb24lM0ElMjBub25lJTNCJTIwY29sb3IlM0ElMjAlMjM5ZTIwNjMlM0IlMjIlM0VGcmFuJUMzJUE3YWlzJTNDJTJGYSUzRSUyMCU3QyUyMCUzQ2ElMjBocmVmJTNEJTIyaHR0cHMlM0ElMkYlMkZ3d3cuaGVhbHRoYWR2b2NhdGUuY29tJTJGc2l0ZSUyRnB0LXB0JTJGbGFuZ3VhZ2VzLXB0JTIyJTIwc3R5bGUlM0QlMjJ0ZXh0LWRlY29yYXRpb24lM0ElMjBub25lJTNCJTIwY29sb3IlM0ElMjAlMjM5ZTIwNjMlM0IlMjIlM0VQb3J0dWd1JUMzJUFBcyUzQyUyRmElM0UlMjAlN0MlMjAlM0NhJTIwaHJlZiUzRCUyMmh0dHBzJTNBJTJGJTJGd3d3LmhlYWx0aGFkdm9jYXRlLmNvbSUyRnNpdGUlMkZhciUyRmxhbmd1YWdlcy1hciUyMiUyMHN0eWxlJTNEJTIydGV4dC1kZWNvcmF0aW9uJTNBJTIwbm9uZSUzQiUyMGNvbG9yJTNBJTIwJTIzOWUyMDYzJTNCJTIyJTNFJUQ4JUI5JUQ4JUIxJUQ4JUE4JUQ5JThBJTNDJTJGYSUzRSUyMCU3QyUyMCUzQ2ElMjBocmVmJTNEJTIyaHR0cHMlM0ElMkYlMkZ3d3cuaGVhbHRoYWR2b2NhdGUuY29tJTJGc2l0ZSUyRnpoLWhhbnMlMkZsYW5ndWFnZXMtY3MlMjIlMjBzdHlsZSUzRCUyMnRleHQtZGVjb3JhdGlvbiUzQSUyMG5vbmUlM0IlMjBjb2xvciUzQSUyMCUyMzllMjA2MyUzQiUyMiUzRSVFNiU5OSVBRSVFOSU4MCU5QSVFOCVBRiU5RCUzQyUyRmElM0UlMjAlN0MlMjAlM0NhJTIwaHJlZiUzRCUyMmh0dHBzJTNBJTJGJTJGd3d3LmhlYWx0aGFkdm9jYXRlLmNvbSUyRnNpdGUlMkZydSUyRmxhbmd1YWdlcy1ydSUyMiUyMHN0eWxlJTNEJTIydGV4dC1kZWNvcmF0aW9uJTNBJTIwbm9uZSUzQiUyMGNvbG9yJTNBJTIwJTIzOWUyMDYzJTNCJTIyJTNFJUQxJTgwJUQxJTgzJUQxJTgxJUQxJTgxJUQwJUJBJUQwJUI4JUQwJUI5JTNDJTJGYSUzRSUyMCU3QyUyMCUzQ2ElMjBocmVmJTNEJTIyaHR0cHMlM0ElMkYlMkZ3d3cuaGVhbHRoYWR2b2NhdGUuY29tJTJGc2l0ZSUyRnZpJTJGbGFuZ3VhZ2VzLXZpJTIyJTIwc3R5bGUlM0QlMjJ0ZXh0LWRlY29yYXRpb24lM0ElMjBub25lJTNCJTIwY29sb3IlM0ElMjAlMjM5ZTIwNjMlM0IlMjIlM0VUaSVFMSVCQSVCRm5nJTIwVmklRTElQkIlODd0JTNDJTJGYSUzRSUyMCU3QyUyMCUzQ2ElMjBocmVmJTNEJTIyaHR0cHMlM0ElMkYlMkZ3d3cuaGVhbHRoYWR2b2NhdGUuY29tJTJGc2l0ZSUyRnpoLWhhbnQlMkZsYW5ndWFnZXMtY3QlMjIlMjBzdHlsZSUzRCUyMnRleHQtZGVjb3JhdGlvbiUzQSUyMG5vbmUlM0IlMjBjb2xvciUzQSUyMCUyMzllMjA2MyUzQiUyMiUzRSVFNSVCQiVBMyVFNiU5RCVCMSVFOCVBOSVCMSUzQyUyRmElM0UlMjAlN0MlMjAlM0NhJTIwaHJlZiUzRCUyMmh0dHBzJTNBJTJGJTJGd3d3LmhlYWx0aGFkdm9jYXRlLmNvbSUyRnNpdGUlMkZrbyUyRmxhbmd1YWdlcy1rbyUyMiUyMHN0eWxlJTNEJTIydGV4dC1kZWNvcmF0aW9uJTNBJTIwbm9uZSUzQiUyMGNvbG9yJTNBJTIwJTIzOWUyMDYzJTNCJTIyJTNFJUVEJTk1JTlDJUVBJUI1JUFEJUVDJTk2JUI0JTNDJTJGYSUzRSUwQSUzQyUyRnAlM0UlMDk=[\/vc_raw_html][vc_custom_heading text=&#8221;Prendre soin de vous dans tous les domaines. Toujours.&#8221; font_container=&#8221;tag:h1|text_align:center|color:%23273137&#8243; use_theme_fonts=&#8221;yes&#8221;][vc_column_text]<\/p>\n<p style=\"text-align: center;\">Chez Health Advocate, nous sommes l\u00e0 pour vous aider, vous et votre famille avec vos probl\u00e8mes de sant\u00e9 ou de bien-\u00eatre. Nos services vous sont fournis par votre employeur. Il vous suffit d\u2019appeler pour parler \u00e0 quelqu\u2019un dans la langue de votre choix et recevoir un soutien confidentiel et personnalis\u00e9 de la part de notre \u00e9quipe.<\/p>\n<p style=\"text-align: center;\"><span style=\"color: #660f8e;\"><strong>Appelez le: 888.526.0150<\/strong><\/span><\/p>\n<p>[\/vc_column_text][\/vc_column][\/vc_row][vc_row][vc_column]<div class=\"cq-datatable   cq-datatable-medium cq-datatable-gray\"><div class=\"cq-datatable-row cq-datatable-header cq-datatable-bg-bluejeans\"><\/div><div class=\"cq-datatable-row cq-datatable-data\"><div class=\"cq-datatable-cell\"> 855.425.8585 <\/div><div class=\"cq-datatable-cell\"> Direct Language \u2013 English <\/div><div class=\"cq-datatable-cell\"> English <\/div><\/div><div class=\"cq-datatable-row cq-datatable-data\"><div class=\"cq-datatable-cell\"> 888.526.0062 <\/div><div class=\"cq-datatable-cell\"> Direct Language \u2013 Spanish <\/div><div class=\"cq-datatable-cell\"> Spanish \u2013 Espa\u00f1ol <\/div><\/div><div class=\"cq-datatable-row cq-datatable-data\"><div class=\"cq-datatable-cell\"> 888.526.0066 <\/div><div class=\"cq-datatable-cell\"> Direct Language \u2013 Haitian Creole <\/div><div class=\"cq-datatable-cell\"> Haitian Creole \u2013 Krey\u00f2l <\/div><\/div><div class=\"cq-datatable-row cq-datatable-data\"><div class=\"cq-datatable-cell\"> 888.526.0150 <\/div><div class=\"cq-datatable-cell\"> Direct Language \u2013 French <\/div><div class=\"cq-datatable-cell\"> French \u2013 Fran\u00e7ais <\/div><\/div><div class=\"cq-datatable-row cq-datatable-data\"><div class=\"cq-datatable-cell\"> 888.526.0180 <\/div><div class=\"cq-datatable-cell\"> Direct Language - Portuguese <\/div><div class=\"cq-datatable-cell\"> Portuguese \u2013 Portugu\u00eas <\/div><\/div><div class=\"cq-datatable-row cq-datatable-data\"><div class=\"cq-datatable-cell\"> 888.526.0190 <\/div><div class=\"cq-datatable-cell\"> Direct Language - Arabic <\/div><div class=\"cq-datatable-cell\"> Arabic \u2013 \u0639\u0631\u0628\u064a <\/div><\/div><div class=\"cq-datatable-row cq-datatable-data\"><div class=\"cq-datatable-cell\"> 888.526.0206 <\/div><div class=\"cq-datatable-cell\"> Direct Language - Mandarin <\/div><div class=\"cq-datatable-cell\"> Mandarin \u2013 \u666e\u901a\u8bdd <\/div><\/div><div class=\"cq-datatable-row cq-datatable-data\"><div class=\"cq-datatable-cell\"> 888.526.0233 <\/div><div class=\"cq-datatable-cell\"> Direct Language - Russian <\/div><div class=\"cq-datatable-cell\"> Russian \u2013 \u0440\u0443\u0441\u0441\u043a\u0438\u0439 <\/div><\/div><div class=\"cq-datatable-row cq-datatable-data\"><div class=\"cq-datatable-cell\"> 888.526.0261 <\/div><div class=\"cq-datatable-cell\"> Direct Language - Vietnamese <\/div><div class=\"cq-datatable-cell\"> Vietnamese - Ti\u1ebfng Vi\u1ec7t <\/div><\/div><div class=\"cq-datatable-row cq-datatable-data\"><div class=\"cq-datatable-cell\"> 888.526.0324 <\/div><div class=\"cq-datatable-cell\"> Direct Language - Cantonese <\/div><div class=\"cq-datatable-cell\"> Cantonese - \u5ee3\u6771\u8a71 <\/div><\/div><div class=\"cq-datatable-row cq-datatable-data\"><div class=\"cq-datatable-cell\"> 888.526.0387 <\/div><div class=\"cq-datatable-cell\"> Direct Language - Korean <\/div><div class=\"cq-datatable-cell\"> Korean \u2013 \ud55c\uad6d\uc5b4 <\/div><\/div>\n<\/div>[vc_column_text]<\/p>\n<p style=\"text-align: center;\">If you would like to offer healthcare and well-being help to your employees in virtually any language, contact us at:<\/p>\n<p style=\"text-align: center;\"><strong>866.799.2655 | <a style=\"text-decoration: none;\" href=\"mailto:info@HealthAdvocate.com\">info@HealthAdvocate.com<\/a><\/strong><\/p>\n<p>[\/vc_column_text][\/vc_column][\/vc_row]<\/p>\n<\/div>","protected":false},"excerpt":{"rendered":"<p>[vc_row fullwidth=&#8221;0&#8243; row_space=&#8221;remove_padding&#8221;][vc_column][\/vc_column][\/vc_row][vc_row equal_height=&#8221;yes&#8221; content_placement=&#8221;middle&#8221; row_space=&#8221;remove_padding_bottom&#8221;][vc_column][vc_raw_html]JTNDcCUyMHN0eWxlJTNEJTIyZm9udC1zaXplJTNBMThweCUzQiUyMHRleHQtYWxpZ24lM0ElMjBjZW50ZXIlM0IlMjBmb250LWZhbWlseSUzQSUyMEhlbHZldGljYSUyQyUyMEFyaWFsJTJDJTIwc2Fucy1zZXJpZiUzQiUyMGZvbnQtd2VpZ2h0JTNBMzAwJTNCJTIwY29sb3IlM0ElMjMyZDM4M2YlM0IlMjBsaW5lLWhlaWdodCUzQTIycHglM0IlMjBtYXJnaW4lM0EwJTIwMCUyMDEycHglMjAwJTNCJTIyJTNFJTBBJTNDYSUyMGhyZWYlM0QlMjJodHRwcyUzQSUyRiUyRnd3dy5oZWFsdGhhZHZvY2F0ZS5jb20lMkZzaXRlJTJGbGFuZ3VhZ2VzJTIyJTIwc3R5bGUlM0QlMjJ0ZXh0LWRlY29yYXRpb24lM0ElMjBub25lJTNCJTIwY29sb3IlM0ElMjAlMjM5ZTIwNjMlM0IlMjIlM0VFbmdsaXNoJTNDJTJGYSUzRSUyMCU3QyUyMCUzQ2ElMjBocmVmJTNEJTIyaHR0cHMlM0ElMkYlMkZ3d3cuaGVhbHRoYWR2b2NhdGUuY29tJTJGc2l0ZSUyRmVzJTJGbGFuZ3VhZ2VzLWVzJTIyJTIwc3R5bGUlM0QlMjJ0ZXh0LWRlY29yYXRpb24lM0ElMjBub25lJTNCJTIwY29sb3IlM0ElMjAlMjM5ZTIwNjMlM0IlMjIlM0VFc3BhJUMzJUIxb2wlM0MlMkZhJTNFJTIwJTdDJTIwJTNDYSUyMGhyZWYlM0QlMjJodHRwcyUzQSUyRiUyRnd3dy5oZWFsdGhhZHZvY2F0ZS5jb20lMkZzaXRlJTJGaHQlMkZsYW5ndWFnZXMtaHQlMjIlMjBzdHlsZSUzRCUyMnRleHQtZGVjb3JhdGlvbiUzQSUyMG5vbmUlM0IlMjBjb2xvciUzQSUyMCUyMzllMjA2MyUzQiUyMiUzRUtyZXklQzMlQjJsJTNDJTJGYSUzRSUyMCU3QyUyMCUzQ2ElMjBocmVmJTNEJTIyaHR0cHMlM0ElMkYlMkZ3d3cuaGVhbHRoYWR2b2NhdGUuY29tJTJGc2l0ZSUyRmZyJTJGbGFuZ3VhZ2VzLWZyJTIyJTIwc3R5bGUlM0QlMjJ0ZXh0LWRlY29yYXRpb24lM0ElMjBub25lJTNCJTIwY29sb3IlM0ElMjAlMjM5ZTIwNjMlM0IlMjIlM0VGcmFuJUMzJUE3YWlzJTNDJTJGYSUzRSUyMCU3QyUyMCUzQ2ElMjBocmVmJTNEJTIyaHR0cHMlM0ElMkYlMkZ3d3cuaGVhbHRoYWR2b2NhdGUuY29tJTJGc2l0ZSUyRnB0LXB0JTJGbGFuZ3VhZ2VzLXB0JTIyJTIwc3R5bGUlM0QlMjJ0ZXh0LWRlY29yYXRpb24lM0ElMjBub25lJTNCJTIwY29sb3IlM0ElMjAlMjM5ZTIwNjMlM0IlMjIlM0VQb3J0dWd1JUMzJUFBcyUzQyUyRmElM0UlMjAlN0MlMjAlM0NhJTIwaHJlZiUzRCUyMmh0dHBzJTNBJTJGJTJGd3d3LmhlYWx0aGFkdm9jYXRlLmNvbSUyRnNpdGUlMkZhciUyRmxhbmd1YWdlcy1hciUyMiUyMHN0eWxlJTNEJTIydGV4dC1kZWNvcmF0aW9uJTNBJTIwbm9uZSUzQiUyMGNvbG9yJTNBJTIwJTIzOWUyMDYzJTNCJTIyJTNFJUQ4JUI5JUQ4JUIxJUQ4JUE4JUQ5JThBJTNDJTJGYSUzRSUyMCU3QyUyMCUzQ2ElMjBocmVmJTNEJTIyaHR0cHMlM0ElMkYlMkZ3d3cuaGVhbHRoYWR2b2NhdGUuY29tJTJGc2l0ZSUyRnpoLWhhbnMlMkZsYW5ndWFnZXMtY3MlMjIlMjBzdHlsZSUzRCUyMnRleHQtZGVjb3JhdGlvbiUzQSUyMG5vbmUlM0IlMjBjb2xvciUzQSUyMCUyMzllMjA2MyUzQiUyMiUzRSVFNiU5OSVBRSVFOSU4MCU5QSVFOCVBRiU5RCUzQyUyRmElM0UlMjAlN0MlMjAlM0NhJTIwaHJlZiUzRCUyMmh0dHBzJTNBJTJGJTJGd3d3LmhlYWx0aGFkdm9jYXRlLmNvbSUyRnNpdGUlMkZydSUyRmxhbmd1YWdlcy1ydSUyMiUyMHN0eWxlJTNEJTIydGV4dC1kZWNvcmF0aW9uJTNBJTIwbm9uZSUzQiUyMGNvbG9yJTNBJTIwJTIzOWUyMDYzJTNCJTIyJTNFJUQxJTgwJUQxJTgzJUQxJTgxJUQxJTgxJUQwJUJBJUQwJUI4JUQwJUI5JTNDJTJGYSUzRSUyMCU3QyUyMCUzQ2ElMjBocmVmJTNEJTIyaHR0cHMlM0ElMkYlMkZ3d3cuaGVhbHRoYWR2b2NhdGUuY29tJTJGc2l0ZSUyRnZpJTJGbGFuZ3VhZ2VzLXZpJTIyJTIwc3R5bGUlM0QlMjJ0ZXh0LWRlY29yYXRpb24lM0ElMjBub25lJTNCJTIwY29sb3IlM0ElMjAlMjM5ZTIwNjMlM0IlMjIlM0VUaSVFMSVCQSVCRm5nJTIwVmklRTElQkIlODd0JTNDJTJGYSUzRSUyMCU3QyUyMCUzQ2ElMjBocmVmJTNEJTIyaHR0cHMlM0ElMkYlMkZ3d3cuaGVhbHRoYWR2b2NhdGUuY29tJTJGc2l0ZSUyRnpoLWhhbnQlMkZsYW5ndWFnZXMtY3QlMjIlMjBzdHlsZSUzRCUyMnRleHQtZGVjb3JhdGlvbiUzQSUyMG5vbmUlM0IlMjBjb2xvciUzQSUyMCUyMzllMjA2MyUzQiUyMiUzRSVFNSVCQiVBMyVFNiU5RCVCMSVFOCVBOSVCMSUzQyUyRmElM0UlMjAlN0MlMjAlM0NhJTIwaHJlZiUzRCUyMmh0dHBzJTNBJTJGJTJGd3d3LmhlYWx0aGFkdm9jYXRlLmNvbSUyRnNpdGUlMkZrbyUyRmxhbmd1YWdlcy1rbyUyMiUyMHN0eWxlJTNEJTIydGV4dC1kZWNvcmF0aW9uJTNBJTIwbm9uZSUzQiUyMGNvbG9yJTNBJTIwJTIzOWUyMDYzJTNCJTIyJTNFJUVEJTk1JTlDJUVBJUI1JUFEJUVDJTk2JUI0JTNDJTJGYSUzRSUwQSUzQyUyRnAlM0UlMDk=[\/vc_raw_html][vc_custom_heading text=&#8221;Prendre soin de vous dans tous les domaines. Toujours.&#8221; font_container=&#8221;tag:h1|text_align:center|color:%23273137&#8243; use_theme_fonts=&#8221;yes&#8221;][vc_column_text] Chez Health Advocate, nous sommes l\u00e0 pour vous aider, vous et votre famille avec vos probl\u00e8mes de sant\u00e9 ou de bien-\u00eatre. Nos services vous sont fournis par votre employeur. Il vous suffit d\u2019appeler pour parler \u00e0 quelqu\u2019un dans [&hellip;]<\/p>\n","protected":false},"author":9,"featured_media":0,"parent":0,"menu_order":0,"comment_status":"closed","ping_status":"closed","template":"","meta":{"_acf_changed":false,"_monsterinsights_skip_tracking":false,"_monsterinsights_sitenote_active":false,"_monsterinsights_sitenote_note":"","_monsterinsights_sitenote_category":0,"footnotes":""},"class_list":["post-14507","page","type-page","status-publish","hentry"],"acf":[],"yoast_head":"<!-- This site is optimized with the Yoast SEO Premium plugin v26.9 (Yoast SEO v26.9) - https:\/\/yoast.com\/product\/yoast-seo-premium-wordpress\/ -->\r\n<title>Health Advocate | Langues | Health Advocate<\/title>\r\n<meta name=\"description\" content=\"Simplifier et personnaliser les soins de sant\u00e9 afin d\u2019am\u00e9liorer les r\u00e9sultats sanitaires, de r\u00e9duire l\u2019absent\u00e9isme et le pr\u00e9sent\u00e9isme et de diminuer les co\u00fbts.\" \/>\r\n<meta name=\"robots\" content=\"noindex, nofollow\" \/>\r\n<meta property=\"og:locale\" content=\"en_US\" \/>\r\n<meta property=\"og:type\" content=\"article\" \/>\r\n<meta property=\"og:title\" content=\"Health Advocate | Langues\" \/>\r\n<meta property=\"og:description\" content=\"Simplifier et personnaliser les soins de sant\u00e9 afin d\u2019am\u00e9liorer les r\u00e9sultats sanitaires, de r\u00e9duire l\u2019absent\u00e9isme et le pr\u00e9sent\u00e9isme et de diminuer les co\u00fbts.\" \/>\r\n<meta property=\"og:url\" content=\"https:\/\/www.healthadvocate.com\/site\/fr\/languages-fr\" \/>\r\n<meta property=\"og:site_name\" content=\"Health Advocate\" \/>\r\n<meta property=\"article:publisher\" content=\"https:\/\/www.facebook.com\/healthadvocateinc\" \/>\r\n<meta property=\"article:modified_time\" content=\"2024-03-04T21:34:45+00:00\" \/>\r\n<meta name=\"twitter:card\" content=\"summary_large_image\" \/>\r\n<meta name=\"twitter:site\" content=\"@healthadvocate\" \/>\r\n<meta name=\"twitter:label1\" content=\"Est. reading time\" \/>\n\t<meta name=\"twitter:data1\" content=\"1 minute\" \/>\r\n<script type=\"application\/ld+json\" class=\"yoast-schema-graph\">{\"@context\":\"https:\/\/schema.org\",\"@graph\":[{\"@type\":\"WebPage\",\"@id\":\"https:\/\/www.healthadvocate.com\/site\/fr\/languages-fr\",\"url\":\"https:\/\/www.healthadvocate.com\/site\/fr\/languages-fr\",\"name\":\"Health Advocate | Langues | Health Advocate\",\"isPartOf\":{\"@id\":\"https:\/\/www.healthadvocate.com\/site\/#website\"},\"datePublished\":\"2024-02-09T17:35:31+00:00\",\"dateModified\":\"2024-03-04T21:34:45+00:00\",\"description\":\"Simplifier et personnaliser les soins de sant\u00e9 afin d\u2019am\u00e9liorer les r\u00e9sultats sanitaires, de r\u00e9duire l\u2019absent\u00e9isme et le pr\u00e9sent\u00e9isme et de diminuer les co\u00fbts.\",\"breadcrumb\":{\"@id\":\"https:\/\/www.healthadvocate.com\/site\/fr\/languages-fr#breadcrumb\"},\"inLanguage\":\"en-US\",\"potentialAction\":[{\"@type\":\"ReadAction\",\"target\":[\"https:\/\/www.healthadvocate.com\/site\/fr\/languages-fr\"]}]},{\"@type\":\"BreadcrumbList\",\"@id\":\"https:\/\/www.healthadvocate.com\/site\/fr\/languages-fr#breadcrumb\",\"itemListElement\":[{\"@type\":\"ListItem\",\"position\":1,\"name\":\"Home\",\"item\":\"https:\/\/www.healthadvocate.com\/site\/\"},{\"@type\":\"ListItem\",\"position\":2,\"name\":\"Health Advocate | Langues\"}]},{\"@type\":\"WebSite\",\"@id\":\"https:\/\/www.healthadvocate.com\/site\/#website\",\"url\":\"https:\/\/www.healthadvocate.com\/site\/\",\"name\":\"Health Advocate\",\"description\":\"Caring for you in all ways. Always.\",\"publisher\":{\"@id\":\"https:\/\/www.healthadvocate.com\/site\/#organization\"},\"potentialAction\":[{\"@type\":\"SearchAction\",\"target\":{\"@type\":\"EntryPoint\",\"urlTemplate\":\"https:\/\/www.healthadvocate.com\/site\/?s={search_term_string}\"},\"query-input\":{\"@type\":\"PropertyValueSpecification\",\"valueRequired\":true,\"valueName\":\"search_term_string\"}}],\"inLanguage\":\"en-US\"},{\"@type\":\"Organization\",\"@id\":\"https:\/\/www.healthadvocate.com\/site\/#organization\",\"name\":\"Health Advocate\",\"url\":\"https:\/\/www.healthadvocate.com\/site\/\",\"logo\":{\"@type\":\"ImageObject\",\"inLanguage\":\"en-US\",\"@id\":\"https:\/\/www.healthadvocate.com\/site\/#\/schema\/logo\/image\/\",\"url\":\"https:\/\/www.healthadvocate.com\/site\/wp-content\/uploads\/2023\/10\/2024-activity-guide.jpg\",\"contentUrl\":\"https:\/\/www.healthadvocate.com\/site\/wp-content\/uploads\/2023\/10\/2024-activity-guide.jpg\",\"width\":500,\"height\":59,\"caption\":\"Health Advocate\"},\"image\":{\"@id\":\"https:\/\/www.healthadvocate.com\/site\/#\/schema\/logo\/image\/\"},\"sameAs\":[\"https:\/\/www.facebook.com\/healthadvocateinc\",\"https:\/\/x.com\/healthadvocate\",\"https:\/\/www.linkedin.com\/company\/health-advocate\"]}]}<\/script>\r\n<!-- \/ Yoast SEO Premium plugin. -->","yoast_head_json":{"title":"Health Advocate | Langues | Health Advocate","description":"Simplifier et personnaliser les soins de sant\u00e9 afin d\u2019am\u00e9liorer les r\u00e9sultats sanitaires, de r\u00e9duire l\u2019absent\u00e9isme et le pr\u00e9sent\u00e9isme et de diminuer les co\u00fbts.","robots":{"index":"noindex","follow":"nofollow"},"og_locale":"en_US","og_type":"article","og_title":"Health Advocate | Langues","og_description":"Simplifier et personnaliser les soins de sant\u00e9 afin d\u2019am\u00e9liorer les r\u00e9sultats sanitaires, de r\u00e9duire l\u2019absent\u00e9isme et le pr\u00e9sent\u00e9isme et de diminuer les co\u00fbts.","og_url":"https:\/\/www.healthadvocate.com\/site\/fr\/languages-fr","og_site_name":"Health Advocate","article_publisher":"https:\/\/www.facebook.com\/healthadvocateinc","article_modified_time":"2024-03-04T21:34:45+00:00","twitter_card":"summary_large_image","twitter_site":"@healthadvocate","twitter_misc":{"Est. reading time":"1 minute"},"schema":{"@context":"https:\/\/schema.org","@graph":[{"@type":"WebPage","@id":"https:\/\/www.healthadvocate.com\/site\/fr\/languages-fr","url":"https:\/\/www.healthadvocate.com\/site\/fr\/languages-fr","name":"Health Advocate | Langues | Health Advocate","isPartOf":{"@id":"https:\/\/www.healthadvocate.com\/site\/#website"},"datePublished":"2024-02-09T17:35:31+00:00","dateModified":"2024-03-04T21:34:45+00:00","description":"Simplifier et personnaliser les soins de sant\u00e9 afin d\u2019am\u00e9liorer les r\u00e9sultats sanitaires, de r\u00e9duire l\u2019absent\u00e9isme et le pr\u00e9sent\u00e9isme et de diminuer les co\u00fbts.","breadcrumb":{"@id":"https:\/\/www.healthadvocate.com\/site\/fr\/languages-fr#breadcrumb"},"inLanguage":"en-US","potentialAction":[{"@type":"ReadAction","target":["https:\/\/www.healthadvocate.com\/site\/fr\/languages-fr"]}]},{"@type":"BreadcrumbList","@id":"https:\/\/www.healthadvocate.com\/site\/fr\/languages-fr#breadcrumb","itemListElement":[{"@type":"ListItem","position":1,"name":"Home","item":"https:\/\/www.healthadvocate.com\/site\/"},{"@type":"ListItem","position":2,"name":"Health Advocate | Langues"}]},{"@type":"WebSite","@id":"https:\/\/www.healthadvocate.com\/site\/#website","url":"https:\/\/www.healthadvocate.com\/site\/","name":"Health Advocate","description":"Caring for you in all ways. Always.","publisher":{"@id":"https:\/\/www.healthadvocate.com\/site\/#organization"},"potentialAction":[{"@type":"SearchAction","target":{"@type":"EntryPoint","urlTemplate":"https:\/\/www.healthadvocate.com\/site\/?s={search_term_string}"},"query-input":{"@type":"PropertyValueSpecification","valueRequired":true,"valueName":"search_term_string"}}],"inLanguage":"en-US"},{"@type":"Organization","@id":"https:\/\/www.healthadvocate.com\/site\/#organization","name":"Health Advocate","url":"https:\/\/www.healthadvocate.com\/site\/","logo":{"@type":"ImageObject","inLanguage":"en-US","@id":"https:\/\/www.healthadvocate.com\/site\/#\/schema\/logo\/image\/","url":"https:\/\/www.healthadvocate.com\/site\/wp-content\/uploads\/2023\/10\/2024-activity-guide.jpg","contentUrl":"https:\/\/www.healthadvocate.com\/site\/wp-content\/uploads\/2023\/10\/2024-activity-guide.jpg","width":500,"height":59,"caption":"Health Advocate"},"image":{"@id":"https:\/\/www.healthadvocate.com\/site\/#\/schema\/logo\/image\/"},"sameAs":["https:\/\/www.facebook.com\/healthadvocateinc","https:\/\/x.com\/healthadvocate","https:\/\/www.linkedin.com\/company\/health-advocate"]}]}},"_links":{"self":[{"href":"https:\/\/www.healthadvocate.com\/site\/wp-json\/wp\/v2\/pages\/14507","targetHints":{"allow":["GET"]}}],"collection":[{"href":"https:\/\/www.healthadvocate.com\/site\/wp-json\/wp\/v2\/pages"}],"about":[{"href":"https:\/\/www.healthadvocate.com\/site\/wp-json\/wp\/v2\/types\/page"}],"author":[{"embeddable":true,"href":"https:\/\/www.healthadvocate.com\/site\/wp-json\/wp\/v2\/users\/9"}],"replies":[{"embeddable":true,"href":"https:\/\/www.healthadvocate.com\/site\/wp-json\/wp\/v2\/comments?post=14507"}],"version-history":[{"count":37,"href":"https:\/\/www.healthadvocate.com\/site\/wp-json\/wp\/v2\/pages\/14507\/revisions"}],"predecessor-version":[{"id":14893,"href":"https:\/\/www.healthadvocate.com\/site\/wp-json\/wp\/v2\/pages\/14507\/revisions\/14893"}],"wp:attachment":[{"href":"https:\/\/www.healthadvocate.com\/site\/wp-json\/wp\/v2\/media?parent=14507"}],"curies":[{"name":"wp","href":"https:\/\/api.w.org\/{rel}","templated":true}]}}